{"id":53,"date":"2025-01-28T17:43:06","date_gmt":"2025-01-28T17:43:06","guid":{"rendered":"https:\/\/adilsondocavacoaulas.com.br\/2025\/?page_id=53"},"modified":"2025-01-28T17:43:06","modified_gmt":"2025-01-28T17:43:06","slug":"como-comprar-meu-primeiro-cavaquinho","status":"publish","type":"page","link":"https:\/\/adilsondocavacoaulas.com.br\/2025\/como-comprar-meu-primeiro-cavaquinho\/","title":{"rendered":"Como comprar meu primeiro Cavaquinho"},"content":{"rendered":"\n<p>A primeira coisa a fazer \u00e9 definir o valor que voc\u00ea vai querer gastar para a compra de seu cavaquinho. Os cavaquinhos feito por Luthier, ou seja fabricados artesanalmente, s\u00e3o os mais caros afinal voc\u00ea estar\u00e1 pagando pelo esmero, pela qualidade da madeira e por um acabamento de primeira.<\/p>\n\n\n\n<p>A quest\u00e3o \u00e9 se voc\u00ea tem dinheiro pra tanto. Para quem est\u00e1 come\u00e7ando aconselho um instrumento intermedi\u00e1rio que deve custar entre 300 a 600 reais. Se n\u00e3o houver dinheiro para tanto compre um cavaquinho mais barato mas observe as dicas abaixo:<br><strong>1<\/strong>&#8211; Quando for comprar seu primeiro cavaco leve algu\u00e9m que j\u00e1 conhe\u00e7a um pouco sobre instrumentos.<\/p>\n\n\n\n<p><strong>2<\/strong>&#8211; Comece testando o bra\u00e7o do cavaquinho. Prenda a 4\u00aa corda no 1\u00ba traste e ao mesmo tempo prenda o 12\u00ba traste. Observe se a dist\u00e2ncia da corda at\u00e9 o bra\u00e7o est\u00e1 mais ou menos por igual. Depois olhe o bra\u00e7o do cavaco como se estivesse mirando um alvo. Se o bra\u00e7o estiver envergado pra frente ou pra tr\u00e1s \u00e9 que o bra\u00e7o est\u00e1 com problemas.<\/p>\n\n\n\n<p><strong>3<\/strong>&#8211; Observe se o bra\u00e7o do cavaco n\u00e3o \u00e9 grosso demais isso dificulta uma boa pegada. Voc\u00ea deve se sentir confort\u00e1vel.<\/p>\n\n\n\n<p><strong>4<\/strong>&#8211; Depois veja de que tipo de madeira \u00e9 feito o cavaquinho. Muitos cavaquinhos s\u00e3o fabricadas com o corpo em aglomerado ou compensado pela simples redu\u00e7\u00e3o de custo do instrumento. Ent\u00e3o fique atento, pois esses tipos de madeira n\u00e3o apresentam uma boa sonoridade.<\/p>\n\n\n\n<p><strong>5<\/strong>&#8211; Pe\u00e7a a descri\u00e7\u00e3o do cavaquinho. Qualquer bom cavaquinho vai ter a descri\u00e7\u00e3o das madeiras que ele foi fabricado. Muito mais que a f\u00e1brica ou o luthier que fez o instrumento, a madeira \u00e9 quem vai ditar a faixa de pre\u00e7o do instrumento. As &#8220;preferidas&#8221; pelos luthiers e instrumentistas s\u00e3o Jacarand\u00e1 e Faia (bojo), mogno (bra\u00e7o), \u00e9bano (escala) e pinho (tampo). Lembrando que h\u00e1 muitas varia\u00e7\u00f5es em cada uma dessas esp\u00e9cies de madeira.<\/p>\n\n\n\n<p><strong>6<\/strong>&#8211; Veja se a dist\u00e2ncia das cordas at\u00e9 o bra\u00e7o n\u00e3o est\u00e1 muito alta. Lembre-se se estiver muito alta voc\u00ea poder\u00e1 sentir um desconforto para tocar pois a for\u00e7a pra tocar ser\u00e1 muito maior.<\/p>\n\n\n\n<p><strong>7<\/strong>&nbsp;&#8211; Toque o instrumento e observe se o som lhe agrada. Cada madeira produz uma sonoridade diferente. Algumas d\u00e3o ao cavaco um som mais grave outras produzem sons mais agudos. \u00c9 a\u00ed que entra o gosto do comprador. Se voc\u00ea \u00e9 iniciante com certeza precisar\u00e1 de algu\u00e9m que j\u00e1 toque pra te ajudar a perceber a diferen\u00e7a.<\/p>\n\n\n\n<p><strong>8<\/strong>&nbsp;&#8211; Qual a garantia do instrumento?<\/p>\n\n\n\n<p><strong>9<\/strong>&nbsp;&#8211; N\u00e3o compre um cavaquinho porque voc\u00ea gostou da imagem dele tenha em mente qual ser\u00e1 a finalidade dele. N\u00e3o compensa muito voc\u00ea comprar, por exemplo, um cavaco modelo Fiber se n\u00e3o for para tocar plugado numa mesa ou amplificador. Modelos de cavaquinho<\/p>\n\n\n<h3 class=\"wp-block-heading\" id=\"classico\">Cl&aacute;ssico<\/h3>\n\n\n\n<figure class=\"wp-block-image\"><img decoding=\"async\" src=\"https:\/\/adilsondocavacoaulas.com.br\/img\/instrumentos\/cavaquinho_classico.gif\" alt=\"\"\/><\/figure>\n\n\n<h3 class=\"wp-block-heading\" id=\"paulistinha\">Paulistinha<\/h3>\n\n\n\n<p>\u00c8 um modelo bem parecido com o cl\u00e1ssico mas tem uma cintura bem mais fina. Junto com o cl\u00e1ssico \u00e9 o modelo mais usado nas rodas de samba.<\/p>\n\n\n\n<figure class=\"wp-block-image\"><img decoding=\"async\" src=\"https:\/\/adilsondocavacoaulas.com.br\/img\/instrumentos\/cavaquinho_paulista.gif\" alt=\"\"\/><\/figure>\n\n\n<h3 class=\"wp-block-heading\" id=\"fiber\">Fiber<\/h3>\n\n\n\n<p>Normalmente as laterais e fundos desse cavaco s\u00e3o de fibra de vidro e n\u00e3o de madeira.N\u00e3o recomendo para que vai tocar ac\u00fastico acho que perde muito na sonoridade.<\/p>\n\n\n\n<figure class=\"wp-block-image\"><img decoding=\"async\" src=\"https:\/\/adilsondocavacoaulas.com.br\/img\/instrumentos\/cavaquinho_fiber.jpg\" alt=\"\"\/><\/figure>\n\n\n<h3 class=\"wp-block-heading\" id=\"vazado\">Vazado<\/h3>\n\n\n\n<p>O pr\u00f3prio nome j\u00e1 explica tudo. N\u00e3o tem corpo. \u00c9 importante que tenha um captador de qualidade de pref\u00eancia ativo.<\/p>\n\n\n\n<figure class=\"wp-block-image\"><img decoding=\"async\" src=\"https:\/\/adilsondocavacoaulas.com.br\/img\/instrumentos\/cavaquinho_vazado.jpg\" alt=\"\"\/><\/figure>\n\n\n<h3 class=\"wp-block-heading\" id=\"marcas-de-cavaquinho\">Marcas de Cavaquinho<\/h3>\n\n\n\n<p>Os pre\u00e7os dos cavaquinhos dependem muito dos modelos, se possuem ou n\u00e3o captador, da qualidade do captador utilizado e da madeira. Os pre\u00e7os abaixo s\u00e3o pra se ter uma id\u00e9ia bem geral. Carlinhos Luthier \u2013 Cavaco de n\u00edvel intermedi\u00e1rio. Dos cavaquinhos feitos em s\u00e9rie \u00e9 um dos melhores que tem. Boa madeira e belo acabamento.<\/p>\n\n\n\n<p>Faixa de pre\u00e7o \u2013 400,00 a 500,00 reais (os modelos mais baratos)<\/p>\n\n\n\n<p>Rozzini \u2013 Seria um cavaquinho de n\u00edvel intermedi\u00e1rio. Normalmente vem com uma descri\u00e7\u00e3o das madeiras que foi feito.<\/p>\n\n\n\n<p>Pra quem quer um bom cavaco por\u00e9m com pre\u00e7o acess\u00edvel \u00e9 uma boa pedida. faixa de pre\u00e7o &#8211; 300,00 \u00e0 400,00 reais (os modelos mais baratos)&nbsp;Marqu\u00eas \u2013 Cavaco de n\u00edvel intermedi\u00e1rio. Acho um pouco inferior ao Rozzini e n\u00e3o \u00e9 muito mais barato. Faixa de pre\u00e7o \u2013 250,00 \u00e0 400,00 reais. (os modelos mais baratos)<\/p>\n\n\n\n<p>Giannini \u2013 Cavaco de n\u00edvel intermedi\u00e1rio. Um pouco inferior ao Rozzini principalmente em acabamento.Boa madeira. Faixa de pre\u00e7o \u2013 300,00 a 400,00 (os modelos mais baratos)<\/p>\n\n\n\n<p>Del Vecchio \u2013Cavaco de n\u00edvel intermedi\u00e1rioFaixa de pre\u00e7o 400,00 a 600,00<\/p>\n\n\n\n<p>Tok\u2019s \u2013 Cavaco de n\u00edvel inferior. N\u00e3o \u00e9 feito com boas madeiras. Dependendo do cavaco ocorre alguns problemas de afina\u00e7\u00e3o por isso \u00e9 bom testar bem antes de comprar.<\/p>\n\n\n\n<p>Pra que est\u00e1 com a grana curta n\u00e3o \u00e9 uma m\u00e1 op\u00e7\u00e3o. Faixa de pre\u00e7o 150,00 reais Austin \u2013 Cavaco de n\u00edvel inferior. N\u00e3o recomendo. Um bra\u00e7o extremamente grosso. P\u00e9ssima regulagem de ponte.Cordas muito altas.<\/p>\n\n\n\n<p>Faixa de pre\u00e7o 100,00 reais<\/p>\n\n\n\n<p>Tonante \u2013 Cavaco de n\u00edvel inferior. Muitas vezes o bra\u00e7o \u00e9 um pouco grosso. N\u00e3o \u00e9 feito de madeiras nobres no entanto n\u00e3o \u00e9 de uma madeira t\u00e3o ruim. Dos cavaquinhos mais baratos n\u00e3o \u00e9 uma m\u00e1 op\u00e7\u00e3o. Faixa de pre\u00e7o \u2013 150,00 a 250,00 reais Os cavaquinhos feitos por Luthier s\u00e3o sempre mais caros podendo estar entre 800,00 a 3.000,00 reais ou at\u00e9 mais.<\/p>\n\n\n\n<p>Abaixo a lista de sites de alguns dos Luthiers mais conhecidos:<\/p>\n\n\n\n<p><a href=\"http:\/\/www.jaimeferreira.com.br\/\" target=\"_blank\" rel=\"noreferrer noopener\">Jaime Ferreira<\/a>&nbsp;&nbsp;<a href=\"http:\/\/br.geocities.com\/manoel_andrade\/\" target=\"_blank\" rel=\"noreferrer noopener\">Manoel Andrade<\/a>&nbsp;&nbsp;<a href=\"http:\/\/www.violoesrogeriosantos.com.br\/\" target=\"_blank\" rel=\"noreferrer noopener\">Rog\u00e9rio Santos<\/a>&nbsp;&nbsp;<a href=\"http:\/\/www.jbinstrumentos.com.br\/\" target=\"_blank\" rel=\"noreferrer noopener\">Jo\u00e3o Batista &#8211; JB<\/a><\/p>\n\n\n\n<p><a href=\"http:\/\/www.luthierbarros.com.br\/\" target=\"_blank\" rel=\"noreferrer noopener\">Luthier Barros<\/a>&nbsp;&nbsp;<a href=\"http:\/\/www.lucianoqueiroz.com\/\" target=\"_blank\" rel=\"noreferrer noopener\">Luthier Queiroz<\/a>&nbsp;&nbsp;<a href=\"http:\/\/www.luthiercenter.com.br\/loja\/\" target=\"_blank\" rel=\"noreferrer noopener\">Luthier Center<\/a><\/p>\n","protected":false},"excerpt":{"rendered":"<p>A primeira coisa a fazer \u00e9 definir o valor que voc\u00ea vai querer gastar para a compra de seu cavaquinho. Os cavaquinhos feito por Luthier, ou seja fabricados artesanalmente, s\u00e3o os mais caros afinal voc\u00ea estar\u00e1 pagando pelo esmero, pela qualidade da madeira e por um acabamento de primeira. A quest\u00e3o \u00e9 se voc\u00ea tem [&hellip;]<\/p>\n","protected":false},"author":1,"featured_media":0,"parent":0,"menu_order":0,"comment_status":"closed","ping_status":"closed","template":"","meta":{"footnotes":""},"class_list":["post-53","page","type-page","status-publish","hentry"],"_links":{"self":[{"href":"https:\/\/adilsondocavacoaulas.com.br\/2025\/wp-json\/wp\/v2\/pages\/53","targetHints":{"allow":["GET"]}}],"collection":[{"href":"https:\/\/adilsondocavacoaulas.com.br\/2025\/wp-json\/wp\/v2\/pages"}],"about":[{"href":"https:\/\/adilsondocavacoaulas.com.br\/2025\/wp-json\/wp\/v2\/types\/page"}],"author":[{"embeddable":true,"href":"https:\/\/adilsondocavacoaulas.com.br\/2025\/wp-json\/wp\/v2\/users\/1"}],"replies":[{"embeddable":true,"href":"https:\/\/adilsondocavacoaulas.com.br\/2025\/wp-json\/wp\/v2\/comments?post=53"}],"version-history":[{"count":1,"href":"https:\/\/adilsondocavacoaulas.com.br\/2025\/wp-json\/wp\/v2\/pages\/53\/revisions"}],"predecessor-version":[{"id":54,"href":"https:\/\/adilsondocavacoaulas.com.br\/2025\/wp-json\/wp\/v2\/pages\/53\/revisions\/54"}],"wp:attachment":[{"href":"https:\/\/adilsondocavacoaulas.com.br\/2025\/wp-json\/wp\/v2\/media?parent=53"}],"curies":[{"name":"wp","href":"https:\/\/api.w.org\/{rel}","templated":true}]}}