{"id":57,"date":"2025-01-28T18:01:08","date_gmt":"2025-01-28T18:01:08","guid":{"rendered":"https:\/\/adilsondocavacoaulas.com.br\/2025\/?page_id=57"},"modified":"2025-01-28T18:01:08","modified_gmt":"2025-01-28T18:01:08","slug":"aulas-presenciais-com-adilson-do-cavaco","status":"publish","type":"page","link":"https:\/\/adilsondocavacoaulas.com.br\/2025\/aulas-presenciais-com-adilson-do-cavaco\/","title":{"rendered":"Aulas Presenciais com Ad\u00edlson do Cavaco"},"content":{"rendered":"\n<p>e voc\u00ea prefere uma experi\u00eancia de aprendizado mais pr\u00f3xima e pr\u00e1tica, as <strong>aulas presenciais<\/strong> com Ad\u00edlson do Cavaco s\u00e3o a escolha ideal! Aqui, voc\u00ea ter\u00e1 a oportunidade de aprender <strong>viol\u00e3o, cavaco <\/strong>ou <strong>ukulele<\/strong> diretamente com um professor que acumula mais de 50 anos de experi\u00eancia, em um ambiente acolhedor e preparado para impulsionar seu aprendizado musical.<\/p>\n\n\n<h3 class=\"wp-block-heading\" id=\"o-que-voce-encontra-nas-aulas-presenciais\"><strong>O que voc&ecirc; encontra nas aulas presenciais?<\/strong><\/h3>\n\n\n\n<p>\u2705 <strong>Acompanhamento personalizado:<\/strong> Cada aluno recebe aten\u00e7\u00e3o exclusiva para aprender no seu ritmo e superar desafios espec\u00edficos.<\/p>\n\n\n\n<p>\u2705 <strong>Pr\u00e1tica guiada:<\/strong> Exerc\u00edcios pr\u00e1ticos realizados em tempo real, com corre\u00e7\u00e3o imediata e orienta\u00e7\u00f5es detalhadas.<\/p>\n\n\n\n<p>\u2705 <strong>Ambiente inspirador:<\/strong> Um espa\u00e7o confort\u00e1vel e ideal para quem busca aprender com foco e dedica\u00e7\u00e3o.<\/p>\n\n\n\n<p>\u2705 <strong>Contato direto com o professor:<\/strong> Aulas din\u00e2micas e cheias de dicas pr\u00e1ticas para evoluir com confian\u00e7a.<\/p>\n\n\n\n<hr class=\"wp-block-separator has-alpha-channel-opacity\"\/>\n\n\n<h3 class=\"wp-block-heading\" id=\"por-que-escolher-aulas-presenciais\"><strong>Por que escolher aulas presenciais?<\/strong><\/h3>\n\n\n\n<p>As aulas presenciais oferecem uma intera\u00e7\u00e3o mais direta, permitindo um contato mais pr\u00f3ximo com o instrumento e com o professor. \u00c9 a oportunidade perfeita para aqueles que valorizam o aprendizado ao vivo e desejam mergulhar de cabe\u00e7a na m\u00fasica.<\/p>\n\n\n\n<hr class=\"wp-block-separator has-alpha-channel-opacity\"\/>\n\n\n<h3 class=\"wp-block-heading\" id=\"endereco-e-localizacao\"><strong>Endere&ccedil;o e Localiza&ccedil;&atilde;o<\/strong><\/h3>\n\n\n\n<p>Nossas aulas presenciais s\u00e3o realizadas na Rua Americaninhas, 49 &#8211; Jardim Modelo &#8211; S\u00e3o Paulo\/SP.<\/p>\n\n\n\n<p>Veja no mapa abaixo:<\/p>\n\n\n<p><iframe src=\"https:\/\/www.google.com\/maps\/embed?pb=!1m18!1m12!1m3!1d3659.8859184816383!2d-46.5756078!3d-23.464579200000003!2m3!1f0!2f0!3f0!3m2!1i1024!2i768!4f13.1!3m3!1m2!1s0x94cef5c716d811ed%3A0x1812471a64521f05!2sR.%20Americaninhas%2C%2049%20-%20Jardim%20Modelo%2C%20S%C3%A3o%20Paulo%20-%20SP%2C%2002262-030!5e0!3m2!1spt-BR!2sbr!4v1738087124153!5m2!1spt-BR!2sbr\" width=\"600\" height=\"450\" style=\"border:0;\" allowfullscreen=\"\" loading=\"lazy\" referrerpolicy=\"no-referrer-when-downgrade\"><\/iframe><\/p>\n\n\n\n<p>\ud83c\udfb6 <strong>Ad\u00edlson do Cavaco &#8211; Transformando sua paix\u00e3o pela m\u00fasica em realidade!<\/strong><\/p>\n\n\n\n<div class=\"wp-block-buttons is-content-justification-center is-layout-flex wp-container-core-buttons-is-layout-a89b3969 wp-block-buttons-is-layout-flex\">\n<div class=\"wp-block-button has-custom-width wp-block-button__width-50\"><a class=\"wp-block-button__link wp-element-button\" href=\"https:\/\/wa.me\/5511988444376?text=Quero fazer aula\">INSCREVA-SE HOJE<\/a><\/div>\n<\/div>\n","protected":false},"excerpt":{"rendered":"<p>e voc\u00ea prefere uma experi\u00eancia de aprendizado mais pr\u00f3xima e pr\u00e1tica, as aulas presenciais com Ad\u00edlson do Cavaco s\u00e3o a escolha ideal! Aqui, voc\u00ea ter\u00e1 a oportunidade de aprender viol\u00e3o, cavaco ou ukulele diretamente com um professor que acumula mais de 50 anos de experi\u00eancia, em um ambiente acolhedor e preparado para impulsionar seu aprendizado [&hellip;]<\/p>\n","protected":false},"author":1,"featured_media":0,"parent":0,"menu_order":0,"comment_status":"closed","ping_status":"closed","template":"","meta":{"footnotes":""},"class_list":["post-57","page","type-page","status-publish","hentry"],"_links":{"self":[{"href":"https:\/\/adilsondocavacoaulas.com.br\/2025\/wp-json\/wp\/v2\/pages\/57","targetHints":{"allow":["GET"]}}],"collection":[{"href":"https:\/\/adilsondocavacoaulas.com.br\/2025\/wp-json\/wp\/v2\/pages"}],"about":[{"href":"https:\/\/adilsondocavacoaulas.com.br\/2025\/wp-json\/wp\/v2\/types\/page"}],"author":[{"embeddable":true,"href":"https:\/\/adilsondocavacoaulas.com.br\/2025\/wp-json\/wp\/v2\/users\/1"}],"replies":[{"embeddable":true,"href":"https:\/\/adilsondocavacoaulas.com.br\/2025\/wp-json\/wp\/v2\/comments?post=57"}],"version-history":[{"count":1,"href":"https:\/\/adilsondocavacoaulas.com.br\/2025\/wp-json\/wp\/v2\/pages\/57\/revisions"}],"predecessor-version":[{"id":58,"href":"https:\/\/adilsondocavacoaulas.com.br\/2025\/wp-json\/wp\/v2\/pages\/57\/revisions\/58"}],"wp:attachment":[{"href":"https:\/\/adilsondocavacoaulas.com.br\/2025\/wp-json\/wp\/v2\/media?parent=57"}],"curies":[{"name":"wp","href":"https:\/\/api.w.org\/{rel}","templated":true}]}}